{"id":1402,"date":"2020-08-16T12:41:12","date_gmt":"2020-08-16T10:41:12","guid":{"rendered":"https:\/\/cwiok.pl\/?page_id=1402"},"modified":"2020-08-17T09:23:01","modified_gmt":"2020-08-17T07:23:01","slug":"monitor-ofert-otomoto-pl","status":"publish","type":"page","link":"https:\/\/cwiok.pl\/index.php\/pl\/monitor-ofert-otomoto-pl\/","title":{"rendered":"Monitor ofert otomoto.pl"},"content":{"rendered":"<p style=\"text-align: center;\">Jak korzysta\u0107 z monitora:<\/p>\n<p style=\"text-align: center;\">1. Wybierz interesuj\u0105ce Ci\u0119 auto na stronie g\u0142\u00f3wnej, a potem przejd\u017a do ofert.<\/p>\n<p style=\"text-align: center;\"><a href=\"https:\/\/cwiok.pl\/wp-content\/uploads\/2020\/08\/wybor.png\"><img loading=\"lazy\" decoding=\"async\" class=\"aligncenter wp-image-1415\" src=\"https:\/\/cwiok.pl\/wp-content\/uploads\/2020\/08\/wybor.png\" alt=\"\" width=\"471\" height=\"416\" srcset=\"https:\/\/cwiok.pl\/wp-content\/uploads\/2020\/08\/wybor.png 871w, https:\/\/cwiok.pl\/wp-content\/uploads\/2020\/08\/wybor-300x265.png 300w, https:\/\/cwiok.pl\/wp-content\/uploads\/2020\/08\/wybor-768x679.png 768w\" sizes=\"auto, (max-width: 471px) 100vw, 471px\" \/><\/a>2. Sprawd\u017a ile stron otrzyma\u0142e\u015b. Aby korzysta\u0107 z monitora powinno to by\u0107 mniej ni\u017c 10.<\/p>\n<p style=\"text-align: center;\"><a href=\"https:\/\/cwiok.pl\/wp-content\/uploads\/2020\/08\/strony.png\"><img loading=\"lazy\" decoding=\"async\" class=\"aligncenter size-full wp-image-1416\" src=\"https:\/\/cwiok.pl\/wp-content\/uploads\/2020\/08\/strony.png\" alt=\"\" width=\"395\" height=\"94\" srcset=\"https:\/\/cwiok.pl\/wp-content\/uploads\/2020\/08\/strony.png 395w, https:\/\/cwiok.pl\/wp-content\/uploads\/2020\/08\/strony-300x71.png 300w\" sizes=\"auto, (max-width: 395px) 100vw, 395px\" \/><\/a>3. Je\u015bli stron jest za du\u017co, dodaj kolejne filtry i skopiuj ca\u0142y adres strony.<\/p>\n<p><a href=\"https:\/\/cwiok.pl\/wp-content\/uploads\/2020\/07\/Instrukcja.png\"><img loading=\"lazy\" decoding=\"async\" class=\"aligncenter size-full wp-image-1404\" src=\"https:\/\/cwiok.pl\/wp-content\/uploads\/2020\/07\/Instrukcja.png\" alt=\"\" width=\"1597\" height=\"701\" srcset=\"https:\/\/cwiok.pl\/wp-content\/uploads\/2020\/07\/Instrukcja.png 1597w, https:\/\/cwiok.pl\/wp-content\/uploads\/2020\/07\/Instrukcja-300x132.png 300w, https:\/\/cwiok.pl\/wp-content\/uploads\/2020\/07\/Instrukcja-1024x449.png 1024w, https:\/\/cwiok.pl\/wp-content\/uploads\/2020\/07\/Instrukcja-768x337.png 768w, https:\/\/cwiok.pl\/wp-content\/uploads\/2020\/07\/Instrukcja-1536x674.png 1536w\" sizes=\"auto, (max-width: 1597px) 100vw, 1597px\" \/><\/a><\/p>\n<p style=\"text-align: center;\">Nast\u0119pnie dodaj poni\u017cej swojego maila i adres, kt\u00f3ry skopiowa\u0142e\u015b. <strong>Kliknij &#8220;Dodaj do monitora&#8221; i poczekaj.<\/strong><\/p>\n<p style=\"text-align: center;\">Kr\u00f3tki regulamin:<\/p>\n<p style=\"text-align: center;\">1. Tw\u00f3j email b\u0119dzie przetwarzany w zakresie opisanym w po\u015bcie o architekturze na serwerach Microsoft<\/p>\n<p style=\"text-align: center;\">2. Us\u0142uga jest zale\u017cna od strony otomoto.pl, wi\u0119c mo\u017ce przesta\u0107 dzia\u0142a\u0107. W takim wypadku trzeba b\u0119dzie poczeka\u0107 na napraw\u0119.<\/p>\n<p style=\"text-align: center;\">3. Tw\u00f3j email mo\u017ce zosta\u0107 usuni\u0119ty z bazy (us\u0142uga przestanie dzia\u0142a\u0107) bez podania przyczyny<\/p>\n<p style=\"text-align: center;\">4. Bud\u017cet na ca\u0142e rozwi\u0105zanie to $5 miesi\u0119cznie, wi\u0119c w przypadku du\u017cego zainteresowania mog\u0105 by\u0107 przerwy w dzia\u0142aniu. B\u0119d\u0119 informowa\u0107 na bie\u017c\u0105co.<\/p>\n<p>&nbsp;<\/p>\n<div>\n<div style=\"padding-top: 56.25%; background-color: #f2f2f2; position: relative;\">\n<div><iframe style=\"position: absolute; top: 5%; left: 5%; width: 90%; height: 50%;\" src=\"https:\/\/cwiok.pl\/rejestrator.html\" frameborder=\"0\" allowfullscreen=\"allowfullscreen\"><\/iframe><\/div>\n<\/div>\n<\/div>\n","protected":false},"excerpt":{"rendered":"<p>Jak korzysta\u0107 z monitora: 1. Wybierz interesuj\u0105ce Ci\u0119 auto na stronie g\u0142\u00f3wnej, a potem przejd\u017a do ofert. 2. Sprawd\u017a ile stron otrzyma\u0142e\u015b. Aby korzysta\u0107 z monitora powinno to by\u0107 mniej ni\u017c 10. 3. Je\u015bli stron jest za du\u017co, dodaj kolejne filtry i skopiuj ca\u0142y adres strony. Nast\u0119pnie dodaj poni\u017cej swojego maila i adres, kt\u00f3ry skopiowa\u0142e\u015b.<\/p>\n<div class=\"tech_read_more\"><a href=\"https:\/\/cwiok.pl\/index.php\/pl\/monitor-ofert-otomoto-pl\/\">Read More<\/a><\/div>","protected":false},"author":1,"featured_media":0,"parent":0,"menu_order":0,"comment_status":"closed","ping_status":"closed","template":"template-page-builder.php","meta":{"footnotes":""},"class_list":["post-1402","page","type-page","status-publish","hentry"],"_links":{"self":[{"href":"https:\/\/cwiok.pl\/index.php\/wp-json\/wp\/v2\/pages\/1402","targetHints":{"allow":["GET"]}}],"collection":[{"href":"https:\/\/cwiok.pl\/index.php\/wp-json\/wp\/v2\/pages"}],"about":[{"href":"https:\/\/cwiok.pl\/index.php\/wp-json\/wp\/v2\/types\/page"}],"author":[{"embeddable":true,"href":"https:\/\/cwiok.pl\/index.php\/wp-json\/wp\/v2\/users\/1"}],"replies":[{"embeddable":true,"href":"https:\/\/cwiok.pl\/index.php\/wp-json\/wp\/v2\/comments?post=1402"}],"version-history":[{"count":10,"href":"https:\/\/cwiok.pl\/index.php\/wp-json\/wp\/v2\/pages\/1402\/revisions"}],"predecessor-version":[{"id":1455,"href":"https:\/\/cwiok.pl\/index.php\/wp-json\/wp\/v2\/pages\/1402\/revisions\/1455"}],"wp:attachment":[{"href":"https:\/\/cwiok.pl\/index.php\/wp-json\/wp\/v2\/media?parent=1402"}],"curies":[{"name":"wp","href":"https:\/\/api.w.org\/{rel}","templated":true}]}}